{"id":101377,"date":"2026-02-02T11:25:36","date_gmt":"2026-02-02T10:25:36","guid":{"rendered":"https:\/\/www.otempssuspendu-lodge.fr\/galerie-photo\/"},"modified":"2026-02-11T09:49:12","modified_gmt":"2026-02-11T08:49:12","slug":"fotogalerij","status":"publish","type":"page","link":"https:\/\/www.otempssuspendu-lodge.fr\/nl\/fotogalerij\/","title":{"rendered":"Fotos"},"content":{"rendered":"<p>[et_pb_section fb_built=&#8221;1&#8243; _builder_version=&#8221;4.27.4&#8243; background_color=&#8221;gcid-9245de3a-8b20-415d-9ec4-c1700f3eb76d&#8221; background_enable_image=&#8221;off&#8221; parallax=&#8221;on&#8221; parallax_method=&#8221;off&#8221; height_tablet=&#8221;&#8221; height_phone=&#8221;&#8221; height_last_edited=&#8221;on|desktop&#8221; custom_padding_tablet=&#8221;5vh||||false|false&#8221; custom_padding_phone=&#8221;50px||&#8221; da_disable_devices=&#8221;off|off|off&#8221; global_colors_info=&#8221;{%22gcid-9245de3a-8b20-415d-9ec4-c1700f3eb76d%22:%91%22background_color%22%93}&#8221; custom_css_main_element_last_edited=&#8221;on|desktop&#8221; locked=&#8221;off&#8221; da_is_popup=&#8221;off&#8221; da_exit_intent=&#8221;off&#8221; da_has_close=&#8221;on&#8221; da_alt_close=&#8221;off&#8221; da_dark_close=&#8221;off&#8221; da_not_modal=&#8221;on&#8221; da_is_singular=&#8221;off&#8221; da_with_loader=&#8221;off&#8221; da_has_shadow=&#8221;on&#8221;][et_pb_row column_structure=&#8221;3_5,2_5&#8243; _builder_version=&#8221;4.27.4&#8243; custom_padding=&#8221;5px|0px|25px|0px|false|false&#8221; animation_style=&#8221;slide&#8221; animation_direction=&#8221;bottom&#8221; animation_duration=&#8221;2000ms&#8221; animation_intensity_slide=&#8221;3%&#8221; global_colors_info=&#8221;{}&#8221;][et_pb_column type=&#8221;3_5&#8243; _builder_version=&#8221;4.27.4&#8243; custom_padding=&#8221;|||&#8221; custom_css_free_form=&#8221;@media (min-width:990px){||selector .et_pb_button_module_wrapper {||  display:inline-block !important;||  width:auto ;||  margin-right:30px;||  ||}||}||@media (max-width:990px){||selector .et_pb_button_module_wrapper {||  display:block !important;||  width:100% !important;||  margin-right:0px !important;||  ||}||}&#8221; global_colors_info=&#8221;{}&#8221; custom_padding__hover=&#8221;|||&#8221;][et_pb_text _builder_version=&#8221;4.27.5&#8243; _module_preset=&#8221;1b8ce11d-316c-4b31-ad26-cde23b5c6781&#8243; hover_enabled=&#8221;0&#8243; global_colors_info=&#8221;{}&#8221; sticky_enabled=&#8221;0&#8243;]<\/p>\n<p>De foto&#8217;s<\/p>\n<p>[\/et_pb_text][et_pb_text _builder_version=&#8221;4.27.5&#8243; max_width=&#8221;700px&#8221; max_width_tablet=&#8221;700px&#8221; max_width_phone=&#8221;700px&#8221; max_width_last_edited=&#8221;on|desktop&#8221; module_alignment=&#8221;left&#8221; custom_margin=&#8221;||10px&#8221; hover_enabled=&#8221;0&#8243; header_text_align_tablet=&#8221;center&#8221; text_orientation_tablet=&#8221;center&#8221; text_orientation_phone=&#8221;center&#8221; text_orientation_last_edited=&#8221;on|tablet&#8221; module_alignment_tablet=&#8221;center&#8221; module_alignment_phone=&#8221;center&#8221; module_alignment_last_edited=&#8221;on|tablet&#8221; global_colors_info=&#8221;{}&#8221; sticky_enabled=&#8221;0&#8243;]<\/p>\n<h1>Ontdek onze g\u00eete in foto&#8217;s<\/h1>\n<p>[\/et_pb_text][et_pb_button button_url=&#8221;@ET-DC@eyJkeW5hbWljIjp0cnVlLCJjb250ZW50IjoicG9zdF9saW5rX3VybF9wYWdlIiwic2V0dGluZ3MiOnsicG9zdF9pZCI6Ijk2OTg0In19@&#8221; button_text=&#8221;Onze formules&#8221; button_alignment_phone=&#8221;center&#8221; _builder_version=&#8221;4.27.5&#8243; _dynamic_attributes=&#8221;button_url&#8221; _module_preset=&#8221;b21be597-f3bf-49aa-98a2-51c7cd5a0f1c&#8221; hover_enabled=&#8221;0&#8243; locked=&#8221;off&#8221; global_colors_info=&#8221;{%22gcid-9245de3a-8b20-415d-9ec4-c1700f3eb76d%22:%91%22button_bg_color%22,%22button_bg_color%22,%22button_bg_color%22%93,%22gcid-d756ed21-9075-4709-a118-f8a1acac822d%22:%91%22button_bg_color%22,%22button_bg_color%22,%22button_bg_color%22%93}&#8221; sticky_enabled=&#8221;0&#8243;][\/et_pb_button][et_pb_button button_url=&#8221;@ET-DC@eyJkeW5hbWljIjp0cnVlLCJjb250ZW50IjoicG9zdF9saW5rX3VybF9wYWdlIiwic2V0dGluZ3MiOnsicG9zdF9pZCI6IjEwMDE2OCJ9fQ==@&#8221; button_text=&#8221;Reserveer nu&#8221; button_alignment_phone=&#8221;center&#8221; _builder_version=&#8221;4.27.5&#8243; _dynamic_attributes=&#8221;button_url&#8221; _module_preset=&#8221;97098eb3-29ce-4fcc-9342-ba7ab63ccd26&#8243; button_text_color=&#8221;#ffffff&#8221; hover_enabled=&#8221;0&#8243; locked=&#8221;off&#8221; global_colors_info=&#8221;{%22gcid-9245de3a-8b20-415d-9ec4-c1700f3eb76d%22:%91%22button_bg_color%22,%22button_bg_color%22,%22button_bg_color%22%93,%22gcid-d756ed21-9075-4709-a118-f8a1acac822d%22:%91%22button_bg_color%22,%22button_bg_color%22%93}&#8221; sticky_enabled=&#8221;0&#8243;][\/et_pb_button][et_pb_text admin_label=&#8221;Fil d&#8217;ariane&#8221; _builder_version=&#8221;4.27.4&#8243; _module_preset=&#8221;default&#8221; text_text_color=&#8221;#FFFFFF&#8221; text_font_size=&#8221;17px&#8221; link_text_color=&#8221;#FFFFFF&#8221; text_orientation_tablet=&#8221;center&#8221; text_orientation_phone=&#8221;center&#8221; text_orientation_last_edited=&#8221;on|tablet&#8221; border_color_bottom=&#8221;rgba(255,255,255,0.11)&#8221; global_module=&#8221;100498&#8243; saved_tabs=&#8221;all&#8221; global_colors_info=&#8221;{}&#8221;]<\/p>\n<span><span><a href=\"https:\/\/www.otempssuspendu-lodge.fr\/nl\/accueil\/\">Accueil<\/a><\/span><\/span>\n<p>[\/et_pb_text][\/et_pb_column][et_pb_column type=&#8221;2_5&#8243; _builder_version=&#8221;4.16&#8243; custom_padding=&#8221;|||&#8221; global_colors_info=&#8221;{}&#8221; custom_padding__hover=&#8221;|||&#8221;][\/et_pb_column][\/et_pb_row][et_pb_row admin_label=&#8221;Photo&#8221; _builder_version=&#8221;4.27.4&#8243; _module_preset=&#8221;d7c24651-241c-4531-acfb-26e0a960aff1&#8243; locked=&#8221;off&#8221; global_colors_info=&#8221;{}&#8221;][et_pb_column type=&#8221;4_4&#8243; _builder_version=&#8221;4.27.4&#8243; _module_preset=&#8221;default&#8221; global_colors_info=&#8221;{}&#8221;][et_pb_image src=&#8221;https:\/\/www.otempssuspendu-lodge.fr\/wp-content\/uploads\/2026\/01\/Gite-Merris.webp&#8221; alt=&#8221;G\u00eete 9 personnes \u00e0 Merris avec piscine, spa et sauna&#8221; title_text=&#8221;G\u00eete 9 personnes \u00e0 Merris avec piscine, spa et sauna&#8221; align=&#8221;center&#8221; _builder_version=&#8221;4.27.5&#8243; _module_preset=&#8221;default&#8221; global_colors_info=&#8221;{}&#8221;][\/et_pb_image][\/et_pb_column][\/et_pb_row][\/et_pb_section][et_pb_section fb_built=&#8221;1&#8243; _builder_version=&#8221;4.27.5&#8243; _module_preset=&#8221;default&#8221; da_disable_devices=&#8221;off|off|off&#8221; global_colors_info=&#8221;{}&#8221; locked=&#8221;off&#8221; da_is_popup=&#8221;off&#8221; da_exit_intent=&#8221;off&#8221; da_has_close=&#8221;on&#8221; da_alt_close=&#8221;off&#8221; da_dark_close=&#8221;off&#8221; da_not_modal=&#8221;on&#8221; da_is_singular=&#8221;off&#8221; da_with_loader=&#8221;off&#8221; da_has_shadow=&#8221;on&#8221;][et_pb_row column_structure=&#8221;1_3,1_3,1_3&#8243; use_custom_gutter=&#8221;on&#8221; gutter_width=&#8221;2&#8243; _builder_version=&#8221;4.27.5&#8243; _module_preset=&#8221;default&#8221; global_colors_info=&#8221;{}&#8221;][et_pb_column type=&#8221;1_3&#8243; _builder_version=&#8221;4.27.5&#8243; _module_preset=&#8221;default&#8221; global_colors_info=&#8221;{}&#8221;][et_pb_image src=&#8221;https:\/\/www.otempssuspendu-lodge.fr\/wp-content\/uploads\/2026\/01\/Piscine-chauffee.webp&#8221; alt=&#8221;Piscine chauff\u00e9e&#8221; title_text=&#8221;Piscine chauff\u00e9e&#8221; show_in_lightbox=&#8221;on&#8221; align=&#8221;center&#8221; force_fullwidth=&#8221;on&#8221; _builder_version=&#8221;4.27.5&#8243; _module_preset=&#8221;default&#8221; global_colors_info=&#8221;{}&#8221;][\/et_pb_image][et_pb_image src=&#8221;https:\/\/www.otempssuspendu-lodge.fr\/wp-content\/uploads\/2026\/01\/bbfoot-1.webp&#8221; alt=&#8221;G\u00eete avec Baby Foot&#8221; title_text=&#8221;G\u00eete avec Baby Foot&#8221; show_in_lightbox=&#8221;on&#8221; align=&#8221;center&#8221; force_fullwidth=&#8221;on&#8221; _builder_version=&#8221;4.27.5&#8243; _module_preset=&#8221;default&#8221; global_colors_info=&#8221;{}&#8221;][\/et_pb_image][et_pb_image src=&#8221;https:\/\/www.otempssuspendu-lodge.fr\/wp-content\/uploads\/2026\/01\/20260102_170139-1-scaled.jpg&#8221; alt=&#8221;G\u00eete avec Baby Foot&#8221; title_text=&#8221;20260102_170139&#8243; show_in_lightbox=&#8221;on&#8221; align=&#8221;center&#8221; force_fullwidth=&#8221;on&#8221; _builder_version=&#8221;4.27.5&#8243; _module_preset=&#8221;default&#8221; global_colors_info=&#8221;{}&#8221;][\/et_pb_image][et_pb_image src=&#8221;https:\/\/www.otempssuspendu-lodge.fr\/wp-content\/uploads\/2026\/01\/20260102_163102-3-scaled.jpg&#8221; alt=&#8221;G\u00eete avec Baby Foot&#8221; title_text=&#8221;20260102_163102&#8243; show_in_lightbox=&#8221;on&#8221; align=&#8221;center&#8221; force_fullwidth=&#8221;on&#8221; _builder_version=&#8221;4.27.5&#8243; _module_preset=&#8221;default&#8221; global_colors_info=&#8221;{}&#8221;][\/et_pb_image][\/et_pb_column][et_pb_column type=&#8221;1_3&#8243; _builder_version=&#8221;4.27.5&#8243; _module_preset=&#8221;default&#8221; global_colors_info=&#8221;{}&#8221;][et_pb_image src=&#8221;https:\/\/www.otempssuspendu-lodge.fr\/wp-content\/uploads\/2026\/01\/Piscine-interieure.webp&#8221; alt=&#8221;Piscine interieure priv\u00e9e&#8221; title_text=&#8221;Piscine interieure priv\u00e9e&#8221; show_in_lightbox=&#8221;on&#8221; align=&#8221;center&#8221; force_fullwidth=&#8221;on&#8221; _builder_version=&#8221;4.27.5&#8243; _module_preset=&#8221;default&#8221; global_colors_info=&#8221;{}&#8221;][\/et_pb_image][et_pb_image src=&#8221;https:\/\/www.otempssuspendu-lodge.fr\/wp-content\/uploads\/2026\/01\/20260102_170041-scaled-1-e1769768456209.webp&#8221; alt=&#8221;Salon chaleureux avec vue sur la nature&#8221; title_text=&#8221;Salon chaleureux avec vue sur la nature&#8221; show_in_lightbox=&#8221;on&#8221; align=&#8221;center&#8221; force_fullwidth=&#8221;on&#8221; _builder_version=&#8221;4.27.5&#8243; _module_preset=&#8221;default&#8221; global_colors_info=&#8221;{}&#8221;][\/et_pb_image][et_pb_image src=&#8221;https:\/\/www.otempssuspendu-lodge.fr\/wp-content\/uploads\/2026\/01\/20260123_173836-scaled.jpg&#8221; alt=&#8221;G\u00eete avec spa Jacuzzi&#8221; title_text=&#8221;G\u00eete avec spa Jacuzzi&#8221; show_in_lightbox=&#8221;on&#8221; align=&#8221;center&#8221; force_fullwidth=&#8221;on&#8221; _builder_version=&#8221;4.27.5&#8243; _module_preset=&#8221;default&#8221; global_colors_info=&#8221;{}&#8221;][\/et_pb_image][et_pb_image src=&#8221;https:\/\/www.otempssuspendu-lodge.fr\/wp-content\/uploads\/2026\/01\/20260124_190048-scaled.jpg&#8221; alt=&#8221;G\u00eete 9 personnes avec salle de bain priv\u00e9e&#8221; title_text=&#8221;G\u00eete 9 personnes avec salle de bain priv\u00e9e&#8221; show_in_lightbox=&#8221;on&#8221; align=&#8221;center&#8221; force_fullwidth=&#8221;on&#8221; _builder_version=&#8221;4.27.5&#8243; _module_preset=&#8221;default&#8221; global_colors_info=&#8221;{}&#8221;][\/et_pb_image][et_pb_image src=&#8221;https:\/\/www.otempssuspendu-lodge.fr\/wp-content\/uploads\/2026\/01\/20251104_142020-scaled-e1769767528206.jpg&#8221; alt=&#8221;Boulodrome&#8221; title_text=&#8221;Boulodrome&#8221; show_in_lightbox=&#8221;on&#8221; align=&#8221;center&#8221; force_fullwidth=&#8221;on&#8221; _builder_version=&#8221;4.27.5&#8243; _module_preset=&#8221;default&#8221; global_colors_info=&#8221;{}&#8221;][\/et_pb_image][\/et_pb_column][et_pb_column type=&#8221;1_3&#8243; _builder_version=&#8221;4.27.5&#8243; _module_preset=&#8221;default&#8221; global_colors_info=&#8221;{}&#8221;][et_pb_image src=&#8221;https:\/\/www.otempssuspendu-lodge.fr\/wp-content\/uploads\/2026\/01\/image003.webp&#8221; alt=&#8221;D\u00e9coration soign\u00e9e&#8221; title_text=&#8221;D\u00e9coration soign\u00e9e&#8221; show_in_lightbox=&#8221;on&#8221; align=&#8221;center&#8221; force_fullwidth=&#8221;on&#8221; _builder_version=&#8221;4.27.5&#8243; _module_preset=&#8221;default&#8221; global_colors_info=&#8221;{}&#8221;][\/et_pb_image][et_pb_image src=&#8221;https:\/\/www.otempssuspendu-lodge.fr\/wp-content\/uploads\/2026\/01\/image001.webp&#8221; alt=&#8221;Espace cosy&#8221; title_text=&#8221;Espace cosy&#8221; show_in_lightbox=&#8221;on&#8221; align=&#8221;center&#8221; force_fullwidth=&#8221;on&#8221; _builder_version=&#8221;4.27.5&#8243; _module_preset=&#8221;default&#8221; global_colors_info=&#8221;{}&#8221;][\/et_pb_image][et_pb_image src=&#8221;https:\/\/www.otempssuspendu-lodge.fr\/wp-content\/uploads\/2026\/01\/20260102_170234-scaled.jpg&#8221; alt=&#8221;G\u00eete 9 personnes avec salle de bain priv\u00e9e&#8221; title_text=&#8221;20260102_170234&#8243; show_in_lightbox=&#8221;on&#8221; align=&#8221;center&#8221; force_fullwidth=&#8221;on&#8221; _builder_version=&#8221;4.27.5&#8243; _module_preset=&#8221;default&#8221; global_colors_info=&#8221;{}&#8221;][\/et_pb_image][et_pb_image src=&#8221;https:\/\/www.otempssuspendu-lodge.fr\/wp-content\/uploads\/2026\/01\/20260115_142350-scaled.jpg&#8221; alt=&#8221;G\u00eete 9 personnes avec salle de bain priv\u00e9e&#8221; title_text=&#8221;20260115_142350&#8243; show_in_lightbox=&#8221;on&#8221; align=&#8221;center&#8221; force_fullwidth=&#8221;on&#8221; _builder_version=&#8221;4.27.5&#8243; _module_preset=&#8221;default&#8221; global_colors_info=&#8221;{}&#8221;][\/et_pb_image][\/et_pb_column][\/et_pb_row][\/et_pb_section]<\/p>\n","protected":false},"excerpt":{"rendered":"<p>De foto&#8217;sOntdek onze g\u00eete in foto&#8217;s<span><span><a href=\"https:\/\/www.otempssuspendu-lodge.fr\/nl\/accueil\/\">Accueil<\/a><\/span><\/span><\/p>\n","protected":false},"author":7,"featured_media":0,"parent":0,"menu_order":0,"comment_status":"closed","ping_status":"closed","template":"","meta":{"_et_pb_use_builder":"on","_et_pb_old_content":"","_et_gb_content_width":"","inline_featured_image":false,"footnotes":""},"class_list":["post-101377","page","type-page","status-publish","hentry"],"_links":{"self":[{"href":"https:\/\/www.otempssuspendu-lodge.fr\/nl\/wp-json\/wp\/v2\/pages\/101377","targetHints":{"allow":["GET"]}}],"collection":[{"href":"https:\/\/www.otempssuspendu-lodge.fr\/nl\/wp-json\/wp\/v2\/pages"}],"about":[{"href":"https:\/\/www.otempssuspendu-lodge.fr\/nl\/wp-json\/wp\/v2\/types\/page"}],"author":[{"embeddable":true,"href":"https:\/\/www.otempssuspendu-lodge.fr\/nl\/wp-json\/wp\/v2\/users\/7"}],"replies":[{"embeddable":true,"href":"https:\/\/www.otempssuspendu-lodge.fr\/nl\/wp-json\/wp\/v2\/comments?post=101377"}],"version-history":[{"count":6,"href":"https:\/\/www.otempssuspendu-lodge.fr\/nl\/wp-json\/wp\/v2\/pages\/101377\/revisions"}],"predecessor-version":[{"id":101421,"href":"https:\/\/www.otempssuspendu-lodge.fr\/nl\/wp-json\/wp\/v2\/pages\/101377\/revisions\/101421"}],"wp:attachment":[{"href":"https:\/\/www.otempssuspendu-lodge.fr\/nl\/wp-json\/wp\/v2\/media?parent=101377"}],"curies":[{"name":"wp","href":"https:\/\/api.w.org\/{rel}","templated":true}]}}